{"id":332,"date":"2023-09-13T12:55:34","date_gmt":"2023-09-13T18:55:34","guid":{"rendered":"https:\/\/artemaiz.mx\/?post_type=product&#038;p=332"},"modified":"2023-10-16T09:57:40","modified_gmt":"2023-10-16T15:57:40","slug":"primaveral","status":"publish","type":"product","link":"https:\/\/artemaiz.mx\/?product=primaveral","title":{"rendered":"Primaveral"},"content":{"rendered":"<p>Colecci\u00f3n: Memoria de las abuelas<\/p>\n<p>T\u00e9cnica: Telar de cintura, algod\u00f3n<\/p>\n<p>Autor: Aurelia Del Rosario Reyes<\/p>\n<p>Cooperativa: \u00d1`omtiuu` `naa welaaya (Memoria de las abuelas)<\/p>\n<p>Comunidad: XOCHISTLAHUACA<\/p>\n<p>Pueblo originario: \u00d1amncuee \u00d1omndaa<\/p>\n<p>Estado: Guerrero<\/p>\n","protected":false},"excerpt":{"rendered":"<p>Colecci\u00f3n: Memoria de las abuelas T\u00e9cnica: Telar de cintura, algod\u00f3n Autor: Aurelia Del Rosario Reyes Cooperativa: \u00d1`omtiuu` `naa welaaya (Memoria de las abuelas) Comunidad: XOCHISTLAHUACA Pueblo originario: \u00d1amncuee \u00d1omndaa Estado: Guerrero<\/p>\n","protected":false},"featured_media":644,"comment_status":"open","ping_status":"closed","template":"","meta":[],"product_cat":[30],"product_tag":[],"_links":{"self":[{"href":"https:\/\/artemaiz.mx\/index.php?rest_route=\/wp\/v2\/product\/332"}],"collection":[{"href":"https:\/\/artemaiz.mx\/index.php?rest_route=\/wp\/v2\/product"}],"about":[{"href":"https:\/\/artemaiz.mx\/index.php?rest_route=\/wp\/v2\/types\/product"}],"replies":[{"embeddable":true,"href":"https:\/\/artemaiz.mx\/index.php?rest_route=%2Fwp%2Fv2%2Fcomments&post=332"}],"wp:featuredmedia":[{"embeddable":true,"href":"https:\/\/artemaiz.mx\/index.php?rest_route=\/wp\/v2\/media\/644"}],"wp:attachment":[{"href":"https:\/\/artemaiz.mx\/index.php?rest_route=%2Fwp%2Fv2%2Fmedia&parent=332"}],"wp:term":[{"taxonomy":"product_cat","embeddable":true,"href":"https:\/\/artemaiz.mx\/index.php?rest_route=%2Fwp%2Fv2%2Fproduct_cat&post=332"},{"taxonomy":"product_tag","embeddable":true,"href":"https:\/\/artemaiz.mx\/index.php?rest_route=%2Fwp%2Fv2%2Fproduct_tag&post=332"}],"curies":[{"name":"wp","href":"https:\/\/api.w.org\/{rel}","templated":true}]}}